{"id":282,"date":"2023-01-18T16:45:27","date_gmt":"2023-01-18T15:45:27","guid":{"rendered":"https:\/\/hudiny.sk\/en\/?page_id=282"},"modified":"2025-01-07T12:13:44","modified_gmt":"2025-01-07T11:13:44","slug":"contact","status":"publish","type":"page","link":"https:\/\/hudiny.sk\/en\/contact\/","title":{"rendered":"Contact"},"content":{"rendered":"\t\t<div data-elementor-type=\"wp-page\" data-elementor-id=\"282\" class=\"elementor elementor-282\" data-elementor-post-type=\"page\">\n\t\t\t\t\t\t<section class=\"elementor-section elementor-top-section elementor-element elementor-element-a2c967b elementor-section-boxed elementor-section-height-default elementor-section-height-default\" data-id=\"a2c967b\" data-element_type=\"section\" data-settings=\"{&quot;background_background&quot;:&quot;classic&quot;}\">\n\t\t\t\t\t\t\t<div class=\"elementor-background-overlay\"><\/div>\n\t\t\t\t\t\t\t<div class=\"elementor-container elementor-column-gap-default\">\n\t\t\t\t\t<div class=\"elementor-column elementor-col-100 elementor-top-column elementor-element elementor-element-56f7562\" data-id=\"56f7562\" data-element_type=\"column\">\n\t\t\t<div class=\"elementor-widget-wrap elementor-element-populated\">\n\t\t\t\t\t\t<div class=\"elementor-element elementor-element-fba3256 elementor-widget elementor-widget-heading\" data-id=\"fba3256\" data-element_type=\"widget\" data-widget_type=\"heading.default\">\n\t\t\t\t<div class=\"elementor-widget-container\">\n\t\t\t<h1 class=\"elementor-heading-title elementor-size-default\">Kontaktujte n\u00e1s<\/h1>\t\t<\/div>\n\t\t\t\t<\/div>\n\t\t\t\t<div class=\"elementor-element elementor-element-34d968a elementor-widget elementor-widget-heading\" data-id=\"34d968a\" data-element_type=\"widget\" data-widget_type=\"heading.default\">\n\t\t\t\t<div class=\"elementor-widget-container\">\n\t\t\t<h3 class=\"elementor-heading-title elementor-size-default\">Radi zodpovieme Va\u0161e ot\u00e1zky<\/h3>\t\t<\/div>\n\t\t\t\t<\/div>\n\t\t\t\t\t<\/div>\n\t\t<\/div>\n\t\t\t\t\t<\/div>\n\t\t<\/section>\n\t\t\t\t<section class=\"elementor-section elementor-top-section elementor-element elementor-element-3a7ccac7 elementor-section-content-middle elementor-section-full_width elementor-section-height-min-height elementor-section-items-stretch elementor-section-height-default\" data-id=\"3a7ccac7\" data-element_type=\"section\">\n\t\t\t\t\t\t<div class=\"elementor-container elementor-column-gap-no\">\n\t\t\t\t\t<div class=\"elementor-column elementor-col-50 elementor-top-column elementor-element elementor-element-5fc47705\" data-id=\"5fc47705\" data-element_type=\"column\" data-settings=\"{&quot;background_background&quot;:&quot;classic&quot;}\">\n\t\t\t<div class=\"elementor-widget-wrap elementor-element-populated\">\n\t\t\t\t\t\t<div class=\"elementor-element elementor-element-c7d0b37 elementor-widget elementor-widget-heading\" data-id=\"c7d0b37\" data-element_type=\"widget\" data-widget_type=\"heading.default\">\n\t\t\t\t<div class=\"elementor-widget-container\">\n\t\t\t<h1 class=\"elementor-heading-title elementor-size-default\">Hudiny s.r.o.,<\/h1>\t\t<\/div>\n\t\t\t\t<\/div>\n\t\t\t\t<div class=\"elementor-element elementor-element-f39ccc8 elementor-widget elementor-widget-text-editor\" data-id=\"f39ccc8\" data-element_type=\"widget\" data-widget_type=\"text-editor.default\">\n\t\t\t\t<div class=\"elementor-widget-container\">\n\t\t\t\t\t\t\t<p><span style=\"color: #ffffff;\"><a style=\"color: #ffffff;\" href=\"https:\/\/www.google.com\/search?q=Pereck%C3%A1+19%2C+93405+Levice&amp;oq=Pereck%C3%A1+19%2C+93405+Levice&amp;aqs=chrome.0.69i59.385j0j4&amp;sourceid=chrome&amp;ie=UTF-8\" target=\"_blank\" rel=\"noopener\">Pereck\u00e1 19, 93405 Levice<\/a><\/span><br \/>I\u010cO: 50186566<br \/>I\u010c DPH: SK2120199037<br \/>DI\u010c: 2120199037<\/p><p>Bankov\u00e9 spojenie:<br \/>IBAN: SK19 7500 0000 0040 2284 2389<br \/>SWIFT: CEKOSKBX<\/p><p>Spolo\u010dnos\u0165 zap\u00edsan\u00e1 do Obchodn\u00e9ho registra Okresn\u00e9ho s\u00fadu Nitra, oddiel Sro, vlo\u017eka \u010d\u00edslo 40211\/N zo d\u0148a 17.2.2016<\/p>\t\t\t\t\t\t<\/div>\n\t\t\t\t<\/div>\n\t\t\t\t\t<\/div>\n\t\t<\/div>\n\t\t\t\t<div class=\"elementor-column elementor-col-50 elementor-top-column elementor-element elementor-element-77d118b\" data-id=\"77d118b\" data-element_type=\"column\" data-settings=\"{&quot;background_background&quot;:&quot;classic&quot;}\">\n\t\t\t<div class=\"elementor-widget-wrap elementor-element-populated\">\n\t\t\t\t\t\t<div class=\"elementor-element elementor-element-6d698713 elementor-widget elementor-widget-heading\" data-id=\"6d698713\" data-element_type=\"widget\" data-widget_type=\"heading.default\">\n\t\t\t\t<div class=\"elementor-widget-container\">\n\t\t\t<h4 class=\"elementor-heading-title elementor-size-default\">Nev\u00e1hajte n\u00e1s kontaktova\u0165<\/h4>\t\t<\/div>\n\t\t\t\t<\/div>\n\t\t\t\t<div class=\"elementor-element elementor-element-56e1052d elementor-align-left elementor-icon-list--layout-traditional elementor-list-item-link-full_width elementor-widget elementor-widget-icon-list\" data-id=\"56e1052d\" data-element_type=\"widget\" data-widget_type=\"icon-list.default\">\n\t\t\t\t<div class=\"elementor-widget-container\">\n\t\t\t\t\t<ul class=\"elementor-icon-list-items\">\n\t\t\t\t\t\t\t<li class=\"elementor-icon-list-item\">\n\t\t\t\t\t\t\t\t\t\t\t<a href=\"tel:+421902323363\">\n\n\t\t\t\t\t\t\t\t\t\t\t<span class=\"elementor-icon-list-text\">+421 902 323 363<\/span>\n\t\t\t\t\t\t\t\t\t\t\t<\/a>\n\t\t\t\t\t\t\t\t\t<\/li>\n\t\t\t\t\t\t\t\t<li class=\"elementor-icon-list-item\">\n\t\t\t\t\t\t\t\t\t\t\t<a href=\"m&#97;&#105;&#x6c;&#x74;&#x6f;:&#105;&#110;&#x66;&#x6f;&#x40;hu&#100;&#x69;&#x6e;&#x79;&#46;s&#107;\">\n\n\t\t\t\t\t\t\t\t\t\t\t<span class=\"elementor-icon-list-text\">&#105;&#x6e;&#102;&#x6f;&#64;&#x68;u&#x64;i&#x6e;y&#46;&#x73;&#107;<\/span>\n\t\t\t\t\t\t\t\t\t\t\t<\/a>\n\t\t\t\t\t\t\t\t\t<\/li>\n\t\t\t\t\t\t<\/ul>\n\t\t\t\t<\/div>\n\t\t\t\t<\/div>\n\t\t\t\t<div class=\"elementor-element elementor-element-5f34fb02 elementor-widget elementor-widget-heading\" data-id=\"5f34fb02\" data-element_type=\"widget\" data-widget_type=\"heading.default\">\n\t\t\t\t<div class=\"elementor-widget-container\">\n\t\t\t<h4 class=\"elementor-heading-title elementor-size-default\">Predaj\u0148a<\/h4>\t\t<\/div>\n\t\t\t\t<\/div>\n\t\t\t\t<div class=\"elementor-element elementor-element-6399357 elementor-widget elementor-widget-text-editor\" data-id=\"6399357\" data-element_type=\"widget\" data-widget_type=\"text-editor.default\">\n\t\t\t\t<div class=\"elementor-widget-container\">\n\t\t\t\t\t\t\t<p>SNP 34, Levice,<br \/>Budova SPP, 1.poschodie<\/p><p>Otv\u00e1racie hodiny: Po-Pi : 9:00-12:00\u00a0 13:00-17:00 hod.<br \/>V pr\u00edpade potreby si m\u00f4\u017eete dohodn\u00fa\u0165 stretnutie\u00a0 aj v So, Ne. <span style=\"color: #000000;\"><a style=\"color: #000000;\" href=\"https:\/\/hudiny.sk\/en\/kontakt\/\">Nap\u00ed\u0161te n\u00e1m alebo n\u00e1s kontaktujte telefonicky.<\/a><\/span><\/p><p>Zodpovedn\u00e1 osoba: <span style=\"color: #000000;\"><a style=\"color: #000000;\" href=\"#hudec\">Ing. Jozef Hudec<\/a><\/span><\/p>\t\t\t\t\t\t<\/div>\n\t\t\t\t<\/div>\n\t\t\t\t\t<\/div>\n\t\t<\/div>\n\t\t\t\t\t<\/div>\n\t\t<\/section>\n\t\t\t\t<section class=\"elementor-section elementor-top-section elementor-element elementor-element-1f5c80a elementor-section-boxed elementor-section-height-default elementor-section-height-default\" data-id=\"1f5c80a\" data-element_type=\"section\" data-settings=\"{&quot;background_background&quot;:&quot;classic&quot;}\">\n\t\t\t\t\t\t<div class=\"elementor-container elementor-column-gap-default\">\n\t\t\t\t\t<div class=\"elementor-column elementor-col-100 elementor-top-column elementor-element elementor-element-6ddff38\" data-id=\"6ddff38\" data-element_type=\"column\">\n\t\t\t<div class=\"elementor-widget-wrap elementor-element-populated\">\n\t\t\t\t\t\t<div class=\"elementor-element elementor-element-90266fa elementor-widget elementor-widget-shortcode\" data-id=\"90266fa\" data-element_type=\"widget\" data-widget_type=\"shortcode.default\">\n\t\t\t\t<div class=\"elementor-widget-container\">\n\t\t\t\t\t<div class=\"elementor-shortcode\"><iframe src=\"https:\/\/www.google.com\/maps\/embed?pb=!1m14!1m8!1m3!1d680493.7269809195!2d18.611606!3d48.222435!3m2!1i1024!2i768!4f13.1!3m3!1m2!1s0x476add00a14cc75f%3A0xf4e4f3f3633e79c6!2sHudiny%20s.r.o.!5e0!3m2!1ssk!2sus!4v1707147521972!5m2!1ssk!2sus\" width=\"600\" height=\"450\" style=\"border:0;\" allowfullscreen=\"\" loading=\"lazy\" referrerpolicy=\"no-referrer-when-downgrade\"><\/iframe><\/div>\n\t\t\t\t<\/div>\n\t\t\t\t<\/div>\n\t\t\t\t\t<\/div>\n\t\t<\/div>\n\t\t\t\t\t<\/div>\n\t\t<\/section>\n\t\t\t\t<\/div>\n\t\t","protected":false},"excerpt":{"rendered":"<p>Kontaktujte n\u00e1s Radi zodpovieme Va\u0161e ot\u00e1zky Hudiny s.r.o., Pereck\u00e1 19, 93405 LeviceI\u010cO: 50186566I\u010c DPH: SK2120199037DI\u010c: 2120199037 Bankov\u00e9 spojenie:IBAN: SK19 7500 0000 0040 2284 2389SWIFT: CEKOSKBX Spolo\u010dnos\u0165 zap\u00edsan\u00e1 do Obchodn\u00e9ho registra Okresn\u00e9ho s\u00fadu Nitra, oddiel Sro, vlo\u017eka \u010d\u00edslo 40211\/N zo d\u0148a 17.2.2016 Nev\u00e1hajte n\u00e1s kontaktova\u0165 +421 902 323 363 &#105;&#x6e;&#102;&#x6f;&#64;&#104;&#x75;&#100;&#x69;n&#x79;&#46;&#115;&#x6b; Predaj\u0148a SNP 34, Levice,Budova SPP, 1.poschodie&hellip;<\/p>\n","protected":false},"author":1,"featured_media":2078,"parent":0,"menu_order":0,"comment_status":"closed","ping_status":"closed","template":"elementor_header_footer","meta":{"_eb_attr":"","_monsterinsights_skip_tracking":false,"_monsterinsights_sitenote_active":false,"_monsterinsights_sitenote_note":"","_monsterinsights_sitenote_category":0,"footnotes":""},"_links":{"self":[{"href":"https:\/\/hudiny.sk\/en\/wp-json\/wp\/v2\/pages\/282"}],"collection":[{"href":"https:\/\/hudiny.sk\/en\/wp-json\/wp\/v2\/pages"}],"about":[{"href":"https:\/\/hudiny.sk\/en\/wp-json\/wp\/v2\/types\/page"}],"author":[{"embeddable":true,"href":"https:\/\/hudiny.sk\/en\/wp-json\/wp\/v2\/users\/1"}],"replies":[{"embeddable":true,"href":"https:\/\/hudiny.sk\/en\/wp-json\/wp\/v2\/comments?post=282"}],"version-history":[{"count":6,"href":"https:\/\/hudiny.sk\/en\/wp-json\/wp\/v2\/pages\/282\/revisions"}],"predecessor-version":[{"id":9890,"href":"https:\/\/hudiny.sk\/en\/wp-json\/wp\/v2\/pages\/282\/revisions\/9890"}],"wp:featuredmedia":[{"embeddable":true,"href":"https:\/\/hudiny.sk\/en\/wp-json\/wp\/v2\/media\/2078"}],"wp:attachment":[{"href":"https:\/\/hudiny.sk\/en\/wp-json\/wp\/v2\/media?parent=282"}],"curies":[{"name":"wp","href":"https:\/\/api.w.org\/{rel}","templated":true}]}}